{"id":345,"date":"2014-08-23T01:50:10","date_gmt":"2014-08-22T23:50:10","guid":{"rendered":"http:\/\/blog.kgyt.eu\/hu\/?page_id=345"},"modified":"2014-08-23T02:39:54","modified_gmt":"2014-08-23T00:39:54","slug":"zsido-szarmazasom","status":"publish","type":"page","link":"https:\/\/blog.kgyt.eu\/el\/about\/hitem\/zsido-szarmazasom\/","title":{"rendered":"(Magyar) Zsid\u00f3 sz\u00e1rmaz\u00e1som"},"content":{"rendered":"<p class=\"qtranxs-available-languages-message qtranxs-available-languages-message-el\">\u03a3\u03c5\u03b3\u03b3\u03bd\u03ce\u03bc\u03b7,\u03b1\u03c5\u03c4\u03ae \u03b7 \u03b5\u03b3\u03b3\u03c1\u03b1\u03c6\u03ae \u03b5\u03af\u03bd\u03b1\u03b9 \u03b4\u03b9\u03b1\u03b8\u03ad\u03c3\u03b9\u03bc\u03b7 \u03bc\u03cc\u03bd\u03bf \u03c3\u03c4\u03b1 <a href=\"https:\/\/blog.kgyt.eu\/hu\/wp-json\/wp\/v2\/pages\/345\" class=\"qtranxs-available-language-link qtranxs-available-language-link-hu\" title=\"Magyar\">Magyar<\/a>.<\/p>","protected":false},"excerpt":{"rendered":"<p>\u03a3\u03c5\u03b3\u03b3\u03bd\u03ce\u03bc\u03b7,\u03b1\u03c5\u03c4\u03ae \u03b7 \u03b5\u03b3\u03b3\u03c1\u03b1\u03c6\u03ae \u03b5\u03af\u03bd\u03b1\u03b9 \u03b4\u03b9\u03b1\u03b8\u03ad\u03c3\u03b9\u03bc\u03b7 \u03bc\u03cc\u03bd\u03bf \u03c3\u03c4\u03b1 Magyar.<\/p>\n","protected":false},"author":1,"featured_media":0,"parent":25,"menu_order":0,"comment_status":"open","ping_status":"open","template":"","meta":{"jetpack_post_was_ever_published":false,"footnotes":""},"jetpack_sharing_enabled":true,"jetpack_shortlink":"https:\/\/wp.me\/P7l1Cy-5z","_links":{"self":[{"href":"https:\/\/blog.kgyt.eu\/el\/wp-json\/wp\/v2\/pages\/345"}],"collection":[{"href":"https:\/\/blog.kgyt.eu\/el\/wp-json\/wp\/v2\/pages"}],"about":[{"href":"https:\/\/blog.kgyt.eu\/el\/wp-json\/wp\/v2\/types\/page"}],"author":[{"embeddable":true,"href":"https:\/\/blog.kgyt.eu\/el\/wp-json\/wp\/v2\/users\/1"}],"replies":[{"embeddable":true,"href":"https:\/\/blog.kgyt.eu\/el\/wp-json\/wp\/v2\/comments?post=345"}],"version-history":[{"count":4,"href":"https:\/\/blog.kgyt.eu\/el\/wp-json\/wp\/v2\/pages\/345\/revisions"}],"predecessor-version":[{"id":357,"href":"https:\/\/blog.kgyt.eu\/el\/wp-json\/wp\/v2\/pages\/345\/revisions\/357"}],"up":[{"embeddable":true,"href":"https:\/\/blog.kgyt.eu\/el\/wp-json\/wp\/v2\/pages\/25"}],"wp:attachment":[{"href":"https:\/\/blog.kgyt.eu\/el\/wp-json\/wp\/v2\/media?parent=345"}],"curies":[{"name":"wp","href":"https:\/\/api.w.org\/{rel}","templated":true}]}}