{"id":349,"date":"2014-08-23T01:58:18","date_gmt":"2014-08-22T23:58:18","guid":{"rendered":"http:\/\/blog.kgyt.eu\/hu\/?page_id=349"},"modified":"2014-08-23T02:35:56","modified_gmt":"2014-08-23T00:35:56","slug":"omerszamlalas","status":"publish","type":"page","link":"https:\/\/blog.kgyt.eu\/el\/about\/hitem\/zsido-szarmazasom\/omerszamlalas\/","title":{"rendered":"(Magyar) \u00d3mersz\u00e1ml\u00e1l\u00e1s"},"content":{"rendered":"<p class=\"qtranxs-available-languages-message qtranxs-available-languages-message-el\">\u03a3\u03c5\u03b3\u03b3\u03bd\u03ce\u03bc\u03b7,\u03b1\u03c5\u03c4\u03ae \u03b7 \u03b5\u03b3\u03b3\u03c1\u03b1\u03c6\u03ae \u03b5\u03af\u03bd\u03b1\u03b9 \u03b4\u03b9\u03b1\u03b8\u03ad\u03c3\u03b9\u03bc\u03b7 \u03bc\u03cc\u03bd\u03bf \u03c3\u03c4\u03b1 <a href=\"https:\/\/blog.kgyt.eu\/hu\/wp-json\/wp\/v2\/pages\/349\" class=\"qtranxs-available-language-link qtranxs-available-language-link-hu\" title=\"Magyar\">Magyar<\/a>.<\/p>","protected":false},"excerpt":{"rendered":"<p>\u03a3\u03c5\u03b3\u03b3\u03bd\u03ce\u03bc\u03b7,\u03b1\u03c5\u03c4\u03ae \u03b7 \u03b5\u03b3\u03b3\u03c1\u03b1\u03c6\u03ae \u03b5\u03af\u03bd\u03b1\u03b9 \u03b4\u03b9\u03b1\u03b8\u03ad\u03c3\u03b9\u03bc\u03b7 \u03bc\u03cc\u03bd\u03bf \u03c3\u03c4\u03b1 Magyar.<\/p>\n","protected":false},"author":1,"featured_media":0,"parent":345,"menu_order":0,"comment_status":"open","ping_status":"open","template":"","meta":{"jetpack_post_was_ever_published":false,"footnotes":""},"jetpack_sharing_enabled":true,"jetpack_shortlink":"https:\/\/wp.me\/P7l1Cy-5D","_links":{"self":[{"href":"https:\/\/blog.kgyt.eu\/el\/wp-json\/wp\/v2\/pages\/349"}],"collection":[{"href":"https:\/\/blog.kgyt.eu\/el\/wp-json\/wp\/v2\/pages"}],"about":[{"href":"https:\/\/blog.kgyt.eu\/el\/wp-json\/wp\/v2\/types\/page"}],"author":[{"embeddable":true,"href":"https:\/\/blog.kgyt.eu\/el\/wp-json\/wp\/v2\/users\/1"}],"replies":[{"embeddable":true,"href":"https:\/\/blog.kgyt.eu\/el\/wp-json\/wp\/v2\/comments?post=349"}],"version-history":[{"count":2,"href":"https:\/\/blog.kgyt.eu\/el\/wp-json\/wp\/v2\/pages\/349\/revisions"}],"predecessor-version":[{"id":354,"href":"https:\/\/blog.kgyt.eu\/el\/wp-json\/wp\/v2\/pages\/349\/revisions\/354"}],"up":[{"embeddable":true,"href":"https:\/\/blog.kgyt.eu\/el\/wp-json\/wp\/v2\/pages\/345"}],"wp:attachment":[{"href":"https:\/\/blog.kgyt.eu\/el\/wp-json\/wp\/v2\/media?parent=349"}],"curies":[{"name":"wp","href":"https:\/\/api.w.org\/{rel}","templated":true}]}}