{"id":155,"date":"2014-08-19T01:51:40","date_gmt":"2014-08-18T23:51:40","guid":{"rendered":"http:\/\/blog.kgyt.eu\/hu\/?page_id=155"},"modified":"2014-08-19T01:51:40","modified_gmt":"2014-08-18T23:51:40","slug":"koszonetnyilvanitas","status":"publish","type":"page","link":"https:\/\/blog.kgyt.eu\/en\/thanks\/","title":{"rendered":"Sponsors of the site"},"content":{"rendered":"<p>Preparing my site would not be possible without God&#8217;s help and help of different companies and persons. Thanks for them!<\/p>\n<h2>Technical sponsors<\/h2>\n<p><strong><a href=\"http:\/\/www.webonic.hu\/\">Webonic\/a><\/strong><br \/>\n(professional solutions in high quality)<\/p>\n<p><strong><a href=\"http:\/\/www.netbsd.hu\/\">Kulcs\u00e1r Ferenc<\/a><\/strong><br \/>\n(advices)<\/p>\n<p><strong><a href=\"http:\/\/www.idmcomp.com\/\">Ian D. Mead<\/a><\/strong><br \/>\n(UltraEdit software, in the beginning I used this)<\/p>\n<p><strong>Torma Zsolt<\/strong><br \/>\n(accessibility)<\/p>\n<h2>Money sponsors<\/h2>\n<p>I have no subsidy\u2026 \ud83d\ude42<\/p>\n<h2>Special thanks<\/h2>\n<p><strong><a href=\"http:\/\/kmm.hu\/\">K\u00e1roly M\u00e1rk Mikl\u00f3s<\/a><\/strong>, and my family\u2026<\/p>\n<p>I wanted to make a full list of helpers, but in this case it\u2019s impossible\u2026 so I ask everybody, for not turning rusty.<\/p>","protected":false},"excerpt":{"rendered":"<p>Preparing my site would not be possible without God&#8217;s help and help of different companies and persons. Thanks for them! Technical sponsors Webonic\/a> (professional solutions in high quality) Kulcs\u00e1r Ferenc (advices) Ian D. Mead (UltraEdit software, in the beginning I used this) Torma Zsolt (accessibility) Money sponsors I have no subsidy\u2026 \ud83d\ude42 Special thanks K\u00e1roly [&hellip;]<\/p>\n","protected":false},"author":1,"featured_media":0,"parent":0,"menu_order":0,"comment_status":"open","ping_status":"open","template":"","meta":{"jetpack_post_was_ever_published":false,"footnotes":""},"jetpack_sharing_enabled":true,"jetpack_shortlink":"https:\/\/wp.me\/P7l1Cy-2v","_links":{"self":[{"href":"https:\/\/blog.kgyt.eu\/en\/wp-json\/wp\/v2\/pages\/155"}],"collection":[{"href":"https:\/\/blog.kgyt.eu\/en\/wp-json\/wp\/v2\/pages"}],"about":[{"href":"https:\/\/blog.kgyt.eu\/en\/wp-json\/wp\/v2\/types\/page"}],"author":[{"embeddable":true,"href":"https:\/\/blog.kgyt.eu\/en\/wp-json\/wp\/v2\/users\/1"}],"replies":[{"embeddable":true,"href":"https:\/\/blog.kgyt.eu\/en\/wp-json\/wp\/v2\/comments?post=155"}],"version-history":[{"count":0,"href":"https:\/\/blog.kgyt.eu\/en\/wp-json\/wp\/v2\/pages\/155\/revisions"}],"wp:attachment":[{"href":"https:\/\/blog.kgyt.eu\/en\/wp-json\/wp\/v2\/media?parent=155"}],"curies":[{"name":"wp","href":"https:\/\/api.w.org\/{rel}","templated":true}]}}