{"id":155,"date":"2014-08-19T01:51:40","date_gmt":"2014-08-18T23:51:40","guid":{"rendered":"http:\/\/blog.kgyt.eu\/hu\/?page_id=155"},"modified":"2014-08-19T01:51:40","modified_gmt":"2014-08-18T23:51:40","slug":"koszonetnyilvanitas","status":"publish","type":"page","link":"https:\/\/blog.kgyt.eu\/es\/koszonetnyilvanitas\/","title":{"rendered":"(Magyar) K\u00f6sz\u00f6netnyilv\u00e1n\u00edt\u00e1s"},"content":{"rendered":"<p class=\"qtranxs-available-languages-message qtranxs-available-languages-message-es\">Disculpa, pero esta entrada est\u00e1 disponible s\u00f3lo en <a href=\"https:\/\/blog.kgyt.eu\/hu\/wp-json\/wp\/v2\/pages\/155\" class=\"qtranxs-available-language-link qtranxs-available-language-link-hu\" title=\"Magyar\">Magyar<\/a>, <a href=\"https:\/\/blog.kgyt.eu\/en\/wp-json\/wp\/v2\/pages\/155\" class=\"qtranxs-available-language-link qtranxs-available-language-link-en\" title=\"English\">English<\/a> y <a href=\"https:\/\/blog.kgyt.eu\/ko\/wp-json\/wp\/v2\/pages\/155\" class=\"qtranxs-available-language-link qtranxs-available-language-link-ko\" title=\"\ud55c\uad6d\uc5b4\">\ud55c\uad6d\uc5b4<\/a>.<\/p>","protected":false},"excerpt":{"rendered":"<p>Disculpa, pero esta entrada est\u00e1 disponible s\u00f3lo en Magyar, English y \ud55c\uad6d\uc5b4.<\/p>\n","protected":false},"author":1,"featured_media":0,"parent":0,"menu_order":0,"comment_status":"open","ping_status":"open","template":"","meta":{"jetpack_post_was_ever_published":false,"footnotes":""},"jetpack_sharing_enabled":true,"jetpack_shortlink":"https:\/\/wp.me\/P7l1Cy-2v","_links":{"self":[{"href":"https:\/\/blog.kgyt.eu\/es\/wp-json\/wp\/v2\/pages\/155"}],"collection":[{"href":"https:\/\/blog.kgyt.eu\/es\/wp-json\/wp\/v2\/pages"}],"about":[{"href":"https:\/\/blog.kgyt.eu\/es\/wp-json\/wp\/v2\/types\/page"}],"author":[{"embeddable":true,"href":"https:\/\/blog.kgyt.eu\/es\/wp-json\/wp\/v2\/users\/1"}],"replies":[{"embeddable":true,"href":"https:\/\/blog.kgyt.eu\/es\/wp-json\/wp\/v2\/comments?post=155"}],"version-history":[{"count":0,"href":"https:\/\/blog.kgyt.eu\/es\/wp-json\/wp\/v2\/pages\/155\/revisions"}],"wp:attachment":[{"href":"https:\/\/blog.kgyt.eu\/es\/wp-json\/wp\/v2\/media?parent=155"}],"curies":[{"name":"wp","href":"https:\/\/api.w.org\/{rel}","templated":true}]}}