{"id":155,"date":"2014-08-19T01:51:40","date_gmt":"2014-08-18T23:51:40","guid":{"rendered":"http:\/\/blog.kgyt.eu\/hu\/?page_id=155"},"modified":"2014-08-19T01:51:40","modified_gmt":"2014-08-18T23:51:40","slug":"koszonetnyilvanitas","status":"publish","type":"page","link":"https:\/\/blog.kgyt.eu\/hu\/koszonet\/","title":{"rendered":"K\u00f6sz\u00f6netnyilv\u00e1n\u00edt\u00e1s"},"content":{"rendered":"<p>Weboldalam elk\u00e9sz\u00edt\u00e9se lehetetlen lett volna Isten \u00e9s az al\u00e1bbi szem\u00e9lyek \u00e9s c\u00e9gek seg\u00edts\u00e9ge n\u00e9lk\u00fcl. K\u00f6sz\u00f6net a seg\u00edts\u00e9g\u00e9rt!<\/p>\n<h2>Technikai, szakmai t\u00e1mogat\u00f3im<\/h2>\n<p><strong><a href=\"http:\/\/www.webonic.hu\/\">Webonic<\/a><\/strong><br \/>\n(fizet\u0151s, de kiv\u00e1l\u00f3 min\u0151s\u00e9g\u0171 szolg\u00e1ltat\u00e1sok, partnereim gyors \u00e9s olcs\u00f3 kiszolg\u00e1l\u00e1sa)<\/p>\n<p><strong><a href=\"http:\/\/www.netbsd.hu\/\">Kulcs\u00e1r Ferenc<\/a><\/strong><br \/>\n(tan\u00e1csok)<\/p>\n<p><strong><a href=\"http:\/\/www.idmcomp.com\/\">Ian D. Mead<\/a><\/strong><br \/>\n(UltraEdit szoftver, kezdetben ezzel k\u00e9sz\u00fclt az oldal)<\/p>\n<p><strong>Torma Zsolt<\/strong><br \/>\n(tan\u00e1csok)<\/p>\n<h2>Anyagi t\u00e1mogat\u00f3im<\/h2>\n<p>Ilyenek sajnos nincsenek\u2026 \ud83d\ude42<\/p>\n<h2>Egy\u00e9b t\u00e1mogat\u00f3im<\/h2>\n<p><strong><a href=\"http:\/\/kmm.hu\/\">K\u00e1roly M\u00e1rk Mikl\u00f3s<\/a><\/strong> \u00e9s term\u00e9szetesen a csal\u00e1dom t\u00f6bbi tagja\u2026<\/p>\n<p>B\u00e1rmennyire is szerettem volna ez a lista biztosan nem teljes, ez\u00e9rt k\u00e9rek mindenkit, ne vegye s\u00e9rt\u00e9snek, ha kimaradt a list\u00e1r\u00f3l.<\/p>","protected":false},"excerpt":{"rendered":"<p>Weboldalam elk\u00e9sz\u00edt\u00e9se lehetetlen lett volna Isten \u00e9s az al\u00e1bbi szem\u00e9lyek \u00e9s c\u00e9gek seg\u00edts\u00e9ge n\u00e9lk\u00fcl. K\u00f6sz\u00f6net a seg\u00edts\u00e9g\u00e9rt! Technikai, szakmai t\u00e1mogat\u00f3im Webonic (fizet\u0151s, de kiv\u00e1l\u00f3 min\u0151s\u00e9g\u0171 szolg\u00e1ltat\u00e1sok, partnereim gyors \u00e9s olcs\u00f3 kiszolg\u00e1l\u00e1sa) Kulcs\u00e1r Ferenc (tan\u00e1csok) Ian D. Mead (UltraEdit szoftver, kezdetben ezzel k\u00e9sz\u00fclt az oldal) Torma Zsolt (tan\u00e1csok) Anyagi t\u00e1mogat\u00f3im Ilyenek sajnos nincsenek\u2026 \ud83d\ude42 Egy\u00e9b t\u00e1mogat\u00f3im [&hellip;]<\/p>\n","protected":false},"author":1,"featured_media":0,"parent":0,"menu_order":0,"comment_status":"open","ping_status":"open","template":"","meta":{"jetpack_post_was_ever_published":false,"footnotes":""},"jetpack_sharing_enabled":true,"jetpack_shortlink":"https:\/\/wp.me\/P7l1Cy-2v","_links":{"self":[{"href":"https:\/\/blog.kgyt.eu\/hu\/wp-json\/wp\/v2\/pages\/155"}],"collection":[{"href":"https:\/\/blog.kgyt.eu\/hu\/wp-json\/wp\/v2\/pages"}],"about":[{"href":"https:\/\/blog.kgyt.eu\/hu\/wp-json\/wp\/v2\/types\/page"}],"author":[{"embeddable":true,"href":"https:\/\/blog.kgyt.eu\/hu\/wp-json\/wp\/v2\/users\/1"}],"replies":[{"embeddable":true,"href":"https:\/\/blog.kgyt.eu\/hu\/wp-json\/wp\/v2\/comments?post=155"}],"version-history":[{"count":0,"href":"https:\/\/blog.kgyt.eu\/hu\/wp-json\/wp\/v2\/pages\/155\/revisions"}],"wp:attachment":[{"href":"https:\/\/blog.kgyt.eu\/hu\/wp-json\/wp\/v2\/media?parent=155"}],"curies":[{"name":"wp","href":"https:\/\/api.w.org\/{rel}","templated":true}]}}