{"id":19,"date":"2014-08-17T17:26:23","date_gmt":"2014-08-17T15:26:23","guid":{"rendered":"http:\/\/blog.kgyt.eu\/hu\/?page_id=19"},"modified":"2016-04-27T11:34:48","modified_gmt":"2016-04-27T09:34:48","slug":"rolam","status":"publish","type":"page","link":"https:\/\/blog.kgyt.eu\/hu\/rolam\/","title":{"rendered":"R\u00f3lam"},"content":{"rendered":"<p><\/p>\n<h2>A szabadid\u0151mben mit csin\u00e1lok?<\/h2>\n<p>Kedvenc elfoglalts\u00e1gaim csal\u00e1dommal, bar\u00e1taimmal, a sz\u00e1m\u00edt\u00f3g\u00e9ppel \u00e9s a m\u0171v\u00e9szetekkel kapcsolatosak. Tulajdonk\u00e9ppen van t\u00f6bb olyan hobbim is, amelyek mindk\u00e9t ut\u00f3bbi ter\u00fcletet \u00e9rintik. Minden hobbimat igyekszem \u00f6sszehangolni Isten terv\u00e9vel, <a href=\"http:\/\/blog.kgyt.eu\/hu\/rolam\/hitem\/\" title=\"Hitem\">akiben hiszek<\/a>. Szeretem a kreat\u00edv kih\u00edv\u00e1sokat, f\u0151leg, ha technikailag is \u00e9rdekes feladatot jelentenek. Szabadid\u0151mben sz\u00edvesen alkotok, mivel \u00e1ltal\u00e1ban kev\u00e9s szabadid\u0151m van, sajnos nem vagyok t\u00fal term\u00e9keny\u2026 <\/p>\n<p>Szeretek f\u00e9nyk\u00e9pezni, olvasni, rajzolni, festeni, verset \u00edrni, programozni, tervezni\u2026 Nagyon szeretem a term\u00e9szetet \u00e9s szeretek sz\u00e9p t\u00e1jakon barangolni. Gy\u0171jt\u00f6m a bibliaford\u00edt\u00e1sokat. <\/p>\n<p>A <a href=\"\/\/hu.wikipedia.org\/wiki\/Linux\">linux<\/a> \u00e9s a <a href=\"\/\/hu.wikipedia.org\/wiki\/Berkeley_Software_Distribution\">BSD<\/a> oper\u00e1ci\u00f3s rendszerek nagy kedvel\u0151je vagyok. Egy\u00e9bk\u00e9nt javaslom mindenkinek otthoni haszn\u00e1latra is a ezeket, hiszen nem neh\u00e9z megtanulni a kezel\u00e9s\u00fcket, stabilak \u00e9s teljesen ingyenesek. A legt\u00f6bb disztrib\u00faci\u00f3 tartalmaz egy irodai (Office) csomagot (mint p\u00e9ld\u00e1ul az <a href=\"http:\/\/www.libreoffice.org\/\">LibreOffice<\/a>\/<a href=\"http:\/\/www.openoffice.org\/\">OpenOffice<\/a>) \u00e9s rengeteg felhaszn\u00e1l\u00f3i programot. Mellesleg nem titkos a forr\u00e1sk\u00f3dja, \u00edgy nincsenek benne egy multic\u00e9g lehallgat\u00f3programjai sem. Jelenleg f\u0151leg <a href=\"http:\/\/www.apple.com\/hu\/osx\/\">Mac OSX<\/a> alatt tev\u00e9kenykedem. <\/p>\n<p>A sz\u00e1m\u00edt\u00f3g\u00e9pes grafika sem \u00e1ll t\u00e1vol t\u0151lem, de legink\u00e1bb csavarogni, kir\u00e1ndulni szeretek. Szinte minden kedvenc sz\u00f3rakoz\u00e1som egyben a munk\u00e1m is (pl. fot\u00f3z\u00e1s, tipogr\u00e1fia, grafika, web stb.)\u2026 j\u00f3, ha az embernek az a munk\u00e1ja, amit szeret csin\u00e1lni. <\/p>\n<p>R\u00e1j\u00f6ttem, hogy a nyelvtanul\u00e1s nem olyan neh\u00e9z, ha az ember id\u0151t ford\u00edt r\u00e1 \u00e9s vannak c\u00e9ljai. Tervem, hogy legal\u00e1bb t\u00edz nyelven besz\u00e9ljek. <\/p>\n<p>Van egy r\u00e9gi fejleszt\u00e9sem is, ami hasznos lehet: <a href=\"http:\/\/biblia.kgyt.hu\/\">Online Biblia<\/a>. Ezt m\u00e9g tov\u00e1bb fogom fejleszteni\u2026 <\/p>\n<h2>Csal\u00e1dom<\/h2>\n<p>Szeretem a p\u00e1romat \u00e9s viszonozza. Ilyen egyszer\u0171. Sz\u00e9p, okos \u00e9s j\u00f3fej\u2026 persze nem ez\u00e9rt szeretem, de az\u00e9rt nem sop\u00e1nkodom, mert ilyen. Doktorn\u00e9ni. Kutat\u00f3. Err\u0151l (m\u00e1rmint a munk\u00e1j\u00e1r\u00f3l) t\u00f6bbet nem nagyon \u00edrhatok, de nem is tudn\u00e9k sokat, mert kuka vagyok a magas tudom\u00e1nyhoz\u2026 2010. \u00e1prilis 24-\u00e9n feles\u00e9g\u00fcl vehettem, \u00edgy a neve dr. K\u00e1roly-\u00c1goston M\u00e1rta lett.<\/p>\n<p>2012. november 7-\u00e9n megsz\u00fcletett <a href=\"http:\/\/hanna.kgyt.hu\/\">Hanna<\/a> l\u00e1nyunk. Nagyon szeretj\u00fck.<\/p>","protected":false},"excerpt":{"rendered":"<p>A szabadid\u0151mben mit csin\u00e1lok? Kedvenc elfoglalts\u00e1gaim csal\u00e1dommal, bar\u00e1taimmal, a sz\u00e1m\u00edt\u00f3g\u00e9ppel \u00e9s a m\u0171v\u00e9szetekkel kapcsolatosak. Tulajdonk\u00e9ppen van t\u00f6bb olyan hobbim is, amelyek mindk\u00e9t ut\u00f3bbi ter\u00fcletet \u00e9rintik. Minden hobbimat igyekszem \u00f6sszehangolni Isten terv\u00e9vel, akiben hiszek. Szeretem a kreat\u00edv kih\u00edv\u00e1sokat, f\u0151leg, ha technikailag is \u00e9rdekes feladatot jelentenek. Szabadid\u0151mben sz\u00edvesen alkotok, mivel \u00e1ltal\u00e1ban kev\u00e9s szabadid\u0151m van, sajnos nem vagyok [&hellip;]<\/p>\n","protected":false},"author":1,"featured_media":0,"parent":0,"menu_order":0,"comment_status":"open","ping_status":"open","template":"","meta":{"jetpack_post_was_ever_published":false,"footnotes":""},"jetpack_sharing_enabled":true,"jetpack_shortlink":"https:\/\/wp.me\/P7l1Cy-j","_links":{"self":[{"href":"https:\/\/blog.kgyt.eu\/hu\/wp-json\/wp\/v2\/pages\/19"}],"collection":[{"href":"https:\/\/blog.kgyt.eu\/hu\/wp-json\/wp\/v2\/pages"}],"about":[{"href":"https:\/\/blog.kgyt.eu\/hu\/wp-json\/wp\/v2\/types\/page"}],"author":[{"embeddable":true,"href":"https:\/\/blog.kgyt.eu\/hu\/wp-json\/wp\/v2\/users\/1"}],"replies":[{"embeddable":true,"href":"https:\/\/blog.kgyt.eu\/hu\/wp-json\/wp\/v2\/comments?post=19"}],"version-history":[{"count":1,"href":"https:\/\/blog.kgyt.eu\/hu\/wp-json\/wp\/v2\/pages\/19\/revisions"}],"predecessor-version":[{"id":567,"href":"https:\/\/blog.kgyt.eu\/hu\/wp-json\/wp\/v2\/pages\/19\/revisions\/567"}],"wp:attachment":[{"href":"https:\/\/blog.kgyt.eu\/hu\/wp-json\/wp\/v2\/media?parent=19"}],"curies":[{"name":"wp","href":"https:\/\/api.w.org\/{rel}","templated":true}]}}