{"id":320,"date":"2014-08-22T22:57:55","date_gmt":"2014-08-22T20:57:55","guid":{"rendered":"http:\/\/blog.kgyt.eu\/hu\/?page_id=320"},"modified":"2014-08-22T22:57:55","modified_gmt":"2014-08-22T20:57:55","slug":"kik-a-baptistak","status":"publish","type":"page","link":"https:\/\/blog.kgyt.eu\/hu\/rolam\/hitem\/baptizmus\/","title":{"rendered":"Kik a baptist\u00e1k?"},"content":{"rendered":"<p><\/p>\n<h2>Baptizmus<\/h2>\n<p>A baptizmus a <abbr title=\"tizenhatodik\">XVI.<\/abbr> sz\u00e1zadi reform\u00e1ci\u00f3 n\u00e9pi ir\u00e1nyzat\u00e1t k\u00e9pvisel\u0151 anabaptist\u00e1k tan\u00edt\u00e1sait feleleven\u00edt\u0151 \u00e9s meg\u00faj\u00edt\u00f3 vall\u00e1si ir\u00e1nyzat. Magyarorsz\u00e1gon a mi\u00e9nk az egyik legr\u00e9gebbi \u2013 a <abbr title=\"tizenkilencedik\">XIX.<\/abbr> sz\u00e1zad k\u00f6zep\u00e9t\u0151l terjed\u0151 \u2013 kisegyh\u00e1zi k\u00f6z\u00f6ss\u00e9g, melyet t\u00e1rsadalmi s\u00falya, l\u00e9leksz\u00e1ma a nagy t\u00f6rt\u00e9nelmi egyh\u00e1zakhoz k\u00f6zel\u00edt. A jelenlegi jogi \u00e1ll\u00e1s szerint a Magyarorsz\u00e1gi Baptista Egyh\u00e1z egy \u201ebevett egyh\u00e1z\u201d, b\u00e1r a hit szempontj\u00e1b\u00f3l ez \u00e9des mindegy.<\/p>\n<p><strong>Hit\u00fcnk alapja kiz\u00e1r\u00f3lagosan a <a href=\"http:\/\/blog.kgyt.eu\/hu\/rolam\/hitem\/biblia\/\" title=\"Biblia\">Biblia<\/a> (sola scriptura \u2013 egyed\u00fcl az \u00edr\u00e1s).<\/strong><\/p>\n<p>Hitvall\u00e1sunk szerint Isten minden b\u0171n\u00f6snek felk\u00edn\u00e1lja a J\u00e9zus Krisztus \u00e1ltal szerzett megv\u00e1lt\u00e1st, az ember maga d\u00f6nthet arr\u00f3l, hogy ezt elfogadja vagy elutas\u00edtja. Valljuk a Szenth\u00e1roms\u00e1got. A kereszts\u00e9g bemer\u00edt\u00e9s (teljesen v\u00edz al\u00e1 ker\u00fcl a hitvall\u00f3) \u00e1ltal t\u00f6rt\u00e9nik. \u00darvacsor\u00e1ban csak a bemer\u00edtett, rendezett tags\u00e1g\u00fa h\u00edvek r\u00e9szes\u00fclhetnek.<\/p>\n<p>A t\u00f6bbi egyh\u00e1zzal \u00e9s a vil\u00e1giakkal j\u00f3 kapcsolatokat \u00e1polunk, toler\u00e1nsak vagyunk, tisztelj\u00fck a lelkiismereti \u00e9s vall\u00e1sszabads\u00e1got. Elutas\u00edtjuk a n\u00e9pegyh\u00e1z \u00e9s az \u00e1llamegyh\u00e1z int\u00e9zm\u00e9ny\u00e9t. L\u00e9tsz\u00e1munk Magyarorsz\u00e1gon 18 211 f\u0151 (2011-es n\u00e9psz\u00e1ml\u00e1l\u00e1s szerint, 2 ezrel\u00e9k), vil\u00e1gszerte 50 \u00e9s 100 milli\u00f3 k\u00f6z\u00e9 tehet\u0151.<br \/>\nGy\u00fclekezeteink egym\u00e1st\u00f3l \u00e9s k\u00f6zponti ir\u00e1ny\u00edt\u00e1st\u00f3l f\u00fcggetlenek, azonban egyes\u00fclethez, vagy sz\u00f6vets\u00e9ghez hasonl\u00f3an egys\u00e9ges szervezetekbe t\u00f6m\u00f6r\u00fclnek, amelyek megk\u00f6nny\u00edtik a t\u00e1rsadalmi \u00e9s \u00e1llami szervekkel val\u00f3 kapcsolattart\u00e1st is. Magyarorsz\u00e1gon a legnagyobb baptista t\u00f6m\u00f6r\u00fcl\u00e9s a Magyarorsz\u00e1gi Baptista Egyh\u00e1z (MBE, technikai sz\u00e1ma: 0286), azonban sz\u00e9p sz\u00e1mmal l\u00e9teznek az MBE szervezet\u00e9n k\u00edv\u00fcl m\u0171k\u00f6d\u0151 baptista k\u00f6z\u00f6ss\u00e9gek is (t\u00f6bbnyire budapestiek \u00e9s angol nyelv\u0171 istentiszteleteket tartanak).<\/p>\n<p><a href=\"https:\/\/hu.wikipedia.org\/wiki\/Baptizmus\">Tov\u00e1bbi inform\u00e1ci\u00f3k a baptizmusr\u00f3l a Wikip\u00e9dia sz\u00f3cikk\u00e9ben.<\/a><\/p>\n<h2>Baptista Szeretetszolg\u00e1lat<\/h2>\n<p>A <a href=\"http:\/\/www.baptistasegely.hu\/\">Baptista Szeretetszolg\u00e1lat<\/a> (kiemelten k\u00f6zhaszn\u00fa alap\u00edtv\u00e1ny) Magyarorsz\u00e1gon \u00e9s vil\u00e1gszerte is komoly er\u0151fesz\u00edt\u00e9seket tesz az\u00e9rt, hogy a seg\u00edts\u00e9gre szorul\u00f3 emberek kapjanak is seg\u00edts\u00e9get. Els\u0151k\u00e9nt megy a szervezet szinte minden katasztr\u00f3fa helysz\u00edn\u00e9re (pl. cunami), vagy a <a href=\"http:\/\/ciposdoboz.hu\/\">cip\u0151sdoboz akci\u00f3val<\/a> seg\u00edt gyerekek sz\u00e1m\u00e1ra boldogabb\u00e1 tenni a kar\u00e1csonyt.<\/p>\n<h3>T\u00e1mogat\u00e1s \u00e1tutal\u00e1ssal<\/h3>\n<p><strong>KDB Bank <em>13555555-55555555-55555555<\/em><\/strong> IBAN: HU 32 \u2013 Swift: KODBHUHB<br \/>\n<strong>OTP Bank <em>11736082-20054403-00000000<\/em><\/strong> IBAN: HU 68 \u2013 Swift: OTPVHUHB<br \/>\n(OTP 2480 G\u00e1rdony, Szabads\u00e1g u. 18.)<\/p>\n<p>Banksz\u00e1ml\u00e1khoz tartoz\u00f3 n\u00e9v \u00e9s c\u00edm:<\/p>\n<p><strong>Baptista Szeretetszolg\u00e1lat Alap\u00edtv\u00e1ny<\/strong><br \/>\n2481 Velence, Szabolcsi \u00fat 3.<\/p>\n<p>Ad\u00f3sz\u00e1m: 18485529-1-07 (az 1%-ot is \u00e9rdemes nekik adni!)<\/p>","protected":false},"excerpt":{"rendered":"<p>Baptizmus A baptizmus a XVI. sz\u00e1zadi reform\u00e1ci\u00f3 n\u00e9pi ir\u00e1nyzat\u00e1t k\u00e9pvisel\u0151 anabaptist\u00e1k tan\u00edt\u00e1sait feleleven\u00edt\u0151 \u00e9s meg\u00faj\u00edt\u00f3 vall\u00e1si ir\u00e1nyzat. Magyarorsz\u00e1gon a mi\u00e9nk az egyik legr\u00e9gebbi \u2013 a XIX. sz\u00e1zad k\u00f6zep\u00e9t\u0151l terjed\u0151 \u2013 kisegyh\u00e1zi k\u00f6z\u00f6ss\u00e9g, melyet t\u00e1rsadalmi s\u00falya, l\u00e9leksz\u00e1ma a nagy t\u00f6rt\u00e9nelmi egyh\u00e1zakhoz k\u00f6zel\u00edt. A jelenlegi jogi \u00e1ll\u00e1s szerint a Magyarorsz\u00e1gi Baptista Egyh\u00e1z egy \u201ebevett egyh\u00e1z\u201d, b\u00e1r a [&hellip;]<\/p>\n","protected":false},"author":1,"featured_media":0,"parent":25,"menu_order":0,"comment_status":"open","ping_status":"open","template":"","meta":{"jetpack_post_was_ever_published":false,"footnotes":""},"jetpack_sharing_enabled":true,"jetpack_shortlink":"https:\/\/wp.me\/P7l1Cy-5a","_links":{"self":[{"href":"https:\/\/blog.kgyt.eu\/hu\/wp-json\/wp\/v2\/pages\/320"}],"collection":[{"href":"https:\/\/blog.kgyt.eu\/hu\/wp-json\/wp\/v2\/pages"}],"about":[{"href":"https:\/\/blog.kgyt.eu\/hu\/wp-json\/wp\/v2\/types\/page"}],"author":[{"embeddable":true,"href":"https:\/\/blog.kgyt.eu\/hu\/wp-json\/wp\/v2\/users\/1"}],"replies":[{"embeddable":true,"href":"https:\/\/blog.kgyt.eu\/hu\/wp-json\/wp\/v2\/comments?post=320"}],"version-history":[{"count":1,"href":"https:\/\/blog.kgyt.eu\/hu\/wp-json\/wp\/v2\/pages\/320\/revisions"}],"predecessor-version":[{"id":321,"href":"https:\/\/blog.kgyt.eu\/hu\/wp-json\/wp\/v2\/pages\/320\/revisions\/321"}],"up":[{"embeddable":true,"href":"https:\/\/blog.kgyt.eu\/hu\/wp-json\/wp\/v2\/pages\/25"}],"wp:attachment":[{"href":"https:\/\/blog.kgyt.eu\/hu\/wp-json\/wp\/v2\/media?parent=320"}],"curies":[{"name":"wp","href":"https:\/\/api.w.org\/{rel}","templated":true}]}}