{"id":345,"date":"2014-08-23T01:50:10","date_gmt":"2014-08-22T23:50:10","guid":{"rendered":"http:\/\/blog.kgyt.eu\/hu\/?page_id=345"},"modified":"2014-08-23T02:39:54","modified_gmt":"2014-08-23T00:39:54","slug":"zsido-szarmazasom","status":"publish","type":"page","link":"https:\/\/blog.kgyt.eu\/ko\/about\/faith\/magyar-zsido-szarmazasom\/","title":{"rendered":"(Magyar) Zsid\u00f3 sz\u00e1rmaz\u00e1som"},"content":{"rendered":"<p class=\"qtranxs-available-languages-message qtranxs-available-languages-message-ko\">\uc8c4\uc1a1\ud569\ub2c8\ub2e4, \uc774 \ubb38\uc11c\ub294 \ud55c\uad6d\uc5b4\ub85c \uc81c\uacf5\ub418\uc9c0 \uc54a\uc2b5\ub2c8\ub2e4. \uc5b8\uc5b4 = <a href=\"https:\/\/blog.kgyt.eu\/hu\/wp-json\/wp\/v2\/pages\/345\" class=\"qtranxs-available-language-link qtranxs-available-language-link-hu\" title=\"Magyar\">Magyar<\/a>.<\/p>","protected":false},"excerpt":{"rendered":"<p>\uc8c4\uc1a1\ud569\ub2c8\ub2e4, \uc774 \ubb38\uc11c\ub294 \ud55c\uad6d\uc5b4\ub85c \uc81c\uacf5\ub418\uc9c0 \uc54a\uc2b5\ub2c8\ub2e4. \uc5b8\uc5b4 = Magyar.<\/p>\n","protected":false},"author":1,"featured_media":0,"parent":25,"menu_order":0,"comment_status":"open","ping_status":"open","template":"","meta":{"jetpack_post_was_ever_published":false,"footnotes":""},"jetpack_sharing_enabled":true,"jetpack_shortlink":"https:\/\/wp.me\/P7l1Cy-5z","_links":{"self":[{"href":"https:\/\/blog.kgyt.eu\/ko\/wp-json\/wp\/v2\/pages\/345"}],"collection":[{"href":"https:\/\/blog.kgyt.eu\/ko\/wp-json\/wp\/v2\/pages"}],"about":[{"href":"https:\/\/blog.kgyt.eu\/ko\/wp-json\/wp\/v2\/types\/page"}],"author":[{"embeddable":true,"href":"https:\/\/blog.kgyt.eu\/ko\/wp-json\/wp\/v2\/users\/1"}],"replies":[{"embeddable":true,"href":"https:\/\/blog.kgyt.eu\/ko\/wp-json\/wp\/v2\/comments?post=345"}],"version-history":[{"count":4,"href":"https:\/\/blog.kgyt.eu\/ko\/wp-json\/wp\/v2\/pages\/345\/revisions"}],"predecessor-version":[{"id":357,"href":"https:\/\/blog.kgyt.eu\/ko\/wp-json\/wp\/v2\/pages\/345\/revisions\/357"}],"up":[{"embeddable":true,"href":"https:\/\/blog.kgyt.eu\/ko\/wp-json\/wp\/v2\/pages\/25"}],"wp:attachment":[{"href":"https:\/\/blog.kgyt.eu\/ko\/wp-json\/wp\/v2\/media?parent=345"}],"curies":[{"name":"wp","href":"https:\/\/api.w.org\/{rel}","templated":true}]}}