{"id":349,"date":"2014-08-23T01:58:18","date_gmt":"2014-08-22T23:58:18","guid":{"rendered":"http:\/\/blog.kgyt.eu\/hu\/?page_id=349"},"modified":"2014-08-23T02:35:56","modified_gmt":"2014-08-23T00:35:56","slug":"omerszamlalas","status":"publish","type":"page","link":"https:\/\/blog.kgyt.eu\/zh\/about\/hitem\/zsido-szarmazasom\/omerszamlalas\/","title":{"rendered":"(Magyar) \u00d3mersz\u00e1ml\u00e1l\u00e1s"},"content":{"rendered":"<p class=\"qtranxs-available-languages-message qtranxs-available-languages-message-zh\">\u5bf9\u4e0d\u8d77\uff0c\u6b64\u5185\u5bb9\u53ea\u9002\u7528\u4e8e<a href=\"https:\/\/blog.kgyt.eu\/hu\/wp-json\/wp\/v2\/pages\/349\" class=\"qtranxs-available-language-link qtranxs-available-language-link-hu\" title=\"Magyar\">Magyar<\/a>\u3002<\/p>","protected":false},"excerpt":{"rendered":"<p>\u5bf9\u4e0d\u8d77\uff0c\u6b64\u5185\u5bb9\u53ea\u9002\u7528\u4e8eMagyar\u3002<\/p>\n","protected":false},"author":1,"featured_media":0,"parent":345,"menu_order":0,"comment_status":"open","ping_status":"open","template":"","meta":{"jetpack_post_was_ever_published":false,"footnotes":""},"jetpack_sharing_enabled":true,"jetpack_shortlink":"https:\/\/wp.me\/P7l1Cy-5D","_links":{"self":[{"href":"https:\/\/blog.kgyt.eu\/zh\/wp-json\/wp\/v2\/pages\/349"}],"collection":[{"href":"https:\/\/blog.kgyt.eu\/zh\/wp-json\/wp\/v2\/pages"}],"about":[{"href":"https:\/\/blog.kgyt.eu\/zh\/wp-json\/wp\/v2\/types\/page"}],"author":[{"embeddable":true,"href":"https:\/\/blog.kgyt.eu\/zh\/wp-json\/wp\/v2\/users\/1"}],"replies":[{"embeddable":true,"href":"https:\/\/blog.kgyt.eu\/zh\/wp-json\/wp\/v2\/comments?post=349"}],"version-history":[{"count":2,"href":"https:\/\/blog.kgyt.eu\/zh\/wp-json\/wp\/v2\/pages\/349\/revisions"}],"predecessor-version":[{"id":354,"href":"https:\/\/blog.kgyt.eu\/zh\/wp-json\/wp\/v2\/pages\/349\/revisions\/354"}],"up":[{"embeddable":true,"href":"https:\/\/blog.kgyt.eu\/zh\/wp-json\/wp\/v2\/pages\/345"}],"wp:attachment":[{"href":"https:\/\/blog.kgyt.eu\/zh\/wp-json\/wp\/v2\/media?parent=349"}],"curies":[{"name":"wp","href":"https:\/\/api.w.org\/{rel}","templated":true}]}}